{"id":960,"date":"2020-05-23T17:55:13","date_gmt":"2020-05-23T15:55:13","guid":{"rendered":"https:\/\/www.soundcheck.ch\/?page_id=960"},"modified":"2020-10-11T17:27:52","modified_gmt":"2020-10-11T15:27:52","slug":"impressum-des-tonstudion-soundcheck","status":"publish","type":"page","link":"https:\/\/www.soundcheck.ch\/index.php\/impressum-des-tonstudion-soundcheck\/","title":{"rendered":"Impressum des Tonstudio Soundcheck"},"content":{"rendered":"\n<h1>Impressum des Musik- und Tonstudios Soundckeck<\/h1>\n\n\n\n<p><strong>Kontakt-Adresse<\/strong><\/p>\n\n\n\n<p>Soundcheck Studio, Inh. Jeannot Steck<br>Jeannot Steck<br>Z\u00fcrichstrasse 49<br>8184 Bachenb\u00fclach<br>Schweiz<\/p>\n\n\n\n<p>E-Mail:<br>info@soundcheck.ch<\/p>\n\n\n\n<p><strong>Vertretungsberechtigte Person<\/strong><\/p>\n\n\n\n<p>Herr Jeannot Steck<\/p>\n\n\n\n<p><strong>Handelsregister-Eintrag<\/strong><\/p>\n\n\n\n<p>Eingetragener Firmenname: Soundcheck Studio, Inh. Jeannot Steck<br>Handelsregister Nr: CHE-447.334.769<\/p>\n\n\n\n<p><strong>Haftungsausschluss<\/strong> Der Autor \u00fcbernimmt keinerlei Gew\u00e4hr hinsichtlich der inhaltlichen Richtigkeit, Genauigkeit, Aktualit\u00e4t, Zuverl\u00e4ssigkeit und Vollst\u00e4ndigkeit der Informationen.<\/p>\n\n\n\n<p>Haftungsanspr\u00fcche gegen den Autor wegen Sch\u00e4den materieller oder immaterieller Art, welche aus dem Zugriff oder der Nutzung bzw. Nichtnutzung der ver\u00f6ffentlichten Informationen, durch Missbrauch der Verbindung oder durch technische St\u00f6rungen entstanden sind, werden ausgeschlossen.<\/p>\n\n\n\n<p>Alle Angebote sind unverbindlich. Der Autor beh\u00e4lt es sich ausdr\u00fccklich vor, Teile der Seiten oder das gesamte Angebot ohne besondere Ank\u00fcndigung zu ver\u00e4ndern, zu erg\u00e4nzen, zu l\u00f6schen oder die Ver\u00f6ffentlichung zeitweise oder endg\u00fcltig einzustellen.<\/p>\n\n\n\n<p><strong>Haftungsausschluss f\u00fcr Links<\/strong><\/p>\n\n\n\n<p>Verweise und Links auf Webseiten Dritter liegen au\u00dferhalb unseres Verantwortungsbereichs. Es wird jegliche Verantwortung f\u00fcr solche Webseiten abgelehnt. Der Zugriff und die Nutzung solcher Webseiten erfolgen auf eigene Gefahr des jeweiligen Nutzers.<\/p>\n\n\n\n<p><strong>Urheberrechte<\/strong><\/p>\n\n\n\n<p>Die Urheber- und alle anderen Rechte an Inhalten, Bildern, Fotos oder anderen Dateien auf dieser Website, geh\u00f6ren ausschlie\u00dflich&nbsp;<strong>Jeannot Steck<\/strong>&nbsp;oder den speziell genannten Rechteinhabern. F\u00fcr die Reproduktion jeglicher Elemente ist die schriftliche Zustimmung des Urheberrechtstr\u00e4gers im Voraus einzuholen<\/p>\n\n\n\n<p><strong>Suchmaschinenoptimierung und Webdesign<\/strong><\/p>\n\n\n\n<p>by <a href=\"https:\/\/steva-mihajlovic.ch\" class=\"rank-math-link\">https:\/\/steva-mihajlovic.ch<\/a><\/p>\n","protected":false},"excerpt":{"rendered":"<p>Impressum des Musik- und Tonstudios Soundckeck Kontakt-Adresse Soundcheck Studio, Inh. Jeannot SteckJeannot SteckZ\u00fcrichstrasse 498184 Bachenb\u00fclachSchweiz E-Mail:info@soundcheck.ch Vertretungsberechtigte Person Herr Jeannot Steck Handelsregister-Eintrag Eingetragener Firmenname: Soundcheck Studio, Inh. Jeannot SteckHandelsregister Nr: CHE-447.334.769 Haftungsausschluss Der Autor \u00fcbernimmt keinerlei Gew\u00e4hr hinsichtlich der inhaltlichen Richtigkeit, Genauigkeit, Aktualit\u00e4t, Zuverl\u00e4ssigkeit und Vollst\u00e4ndigkeit der Informationen. Haftungsanspr\u00fcche gegen den Autor wegen Sch\u00e4den materieller [&hellip;]<\/p>\n","protected":false},"author":2,"featured_media":0,"parent":0,"menu_order":0,"comment_status":"closed","ping_status":"closed","template":"","meta":{"two_page_speed":[]},"_links":{"self":[{"href":"https:\/\/www.soundcheck.ch\/index.php\/wp-json\/wp\/v2\/pages\/960"}],"collection":[{"href":"https:\/\/www.soundcheck.ch\/index.php\/wp-json\/wp\/v2\/pages"}],"about":[{"href":"https:\/\/www.soundcheck.ch\/index.php\/wp-json\/wp\/v2\/types\/page"}],"author":[{"embeddable":true,"href":"https:\/\/www.soundcheck.ch\/index.php\/wp-json\/wp\/v2\/users\/2"}],"replies":[{"embeddable":true,"href":"https:\/\/www.soundcheck.ch\/index.php\/wp-json\/wp\/v2\/comments?post=960"}],"version-history":[{"count":0,"href":"https:\/\/www.soundcheck.ch\/index.php\/wp-json\/wp\/v2\/pages\/960\/revisions"}],"wp:attachment":[{"href":"https:\/\/www.soundcheck.ch\/index.php\/wp-json\/wp\/v2\/media?parent=960"}],"curies":[{"name":"wp","href":"https:\/\/api.w.org\/{rel}","templated":true}]}}