{"id":2,"date":"2020-05-30T08:40:14","date_gmt":"2020-05-30T06:40:14","guid":{"rendered":"http:\/\/soundcheck.salai.com\/\/?page_id=2"},"modified":"2026-03-24T23:11:37","modified_gmt":"2026-03-24T21:11:37","slug":"tonstudio-musikstudio","status":"publish","type":"page","link":"https:\/\/www.soundcheck.ch\/","title":{"rendered":"Tonstudio"},"content":{"rendered":"<div id='full_slider_1'  class='avia-fullwidth-slider main_color avia-shadow   avia-builder-el-0  el_before_av_section  avia-builder-el-first   container_wrap fullsize' style=' '  ><div   data-size='featured'  data-lightbox_size='large'  data-animation='fade'  data-conditional_play=''  data-ids='1331,1316,1332,1342,841,828'  data-video_counter='0'  data-autoplay='true'  data-bg_slider='false'  data-slide_height=''  data-handle='av_slideshow_full'  data-interval='8'  data-class=' '  data-el_id=''  data-css_id=''  data-scroll_down=''  data-control_layout='av-control-default'  data-custom_markup=''  data-perma_caption=''  data-autoplay_stopper=''  data-image_attachment=''  data-min_height='0px'  data-src=''  data-position='top left'  data-repeat='no-repeat'  data-attach='scroll'  data-stretch=''  data-default-height='28.666666666667'  class='avia-slideshow avia-slideshow-1  av-control-default av-default-height-applied avia-slideshow-featured av_slideshow_full   avia-fade-slider '  itemprop=\"image\" itemscope=\"itemscope\" itemtype=\"https:\/\/schema.org\/ImageObject\" ><ul class='avia-slideshow-inner ' style='padding-bottom: 28.666666666667%;' ><li  class=' slide-1 ' ><div data-rel='slideshow-1' class='avia-slide-wrap '   ><img src='https:\/\/www.soundcheck.ch\/wp-content\/uploads\/2023\/09\/IMG_7401-1500x430.jpeg' width='1500' height='430' title='IMG_7401' alt=''  itemprop=\"thumbnailUrl\"   \/><\/div><\/li><li  class=' slide-2 ' ><div data-rel='slideshow-1' class='avia-slide-wrap '   ><img src='https:\/\/www.soundcheck.ch\/wp-content\/uploads\/2023\/08\/IMG_5238-1500x430.jpg' width='1500' height='430' title='IMG_5238' alt=''  itemprop=\"thumbnailUrl\"   \/><\/div><\/li><li  class=' slide-3 ' ><div data-rel='slideshow-1' class='avia-slide-wrap '   ><img src='https:\/\/www.soundcheck.ch\/wp-content\/uploads\/2023\/09\/IMG_7412-1500x430.jpeg' width='1500' height='430' title='IMG_7412' alt=''  itemprop=\"thumbnailUrl\"   \/><\/div><\/li><li  class=' slide-4 ' ><div data-rel='slideshow-1' class='avia-slide-wrap '   ><img src='https:\/\/www.soundcheck.ch\/wp-content\/uploads\/2023\/09\/IMG_7675-1500x430.jpeg' width='1500' height='430' title='IMG_7675' alt=''  itemprop=\"thumbnailUrl\"   \/><\/div><\/li><li  class=' slide-5 ' ><div data-rel='slideshow-1' class='avia-slide-wrap '  title='Tonstudio Soundcheck in Bachenb\u00fclach ist Ihr Musikstudio f\u00fcr professionelle S\u00e4ngerinnen, S\u00e4nger und Bands, sowie f\u00fcr Hobby Musikerinnen und Musiker, welche gerne Ihre eigene CD aufnehmen m\u00f6chten. Schenken Sie ihren Liebsten Freude mit Ihrer eigenen CD. Wir sind ihr top Tonstudio f\u00fcr die Region Z\u00fcrich, Aargau und Schaffhausen. ' ><img src='https:\/\/www.soundcheck.ch\/wp-content\/uploads\/2015\/01\/IMG_5089-1500x430.jpg' width='1500' height='430' title='Tonstudio Soundcheck in Bachenb\u00fclach ist Ihr Musikstudio f\u00fcr professionelle S\u00e4ngerinnen, S\u00e4nger und Bands, sowie f\u00fcr Hobby Musikerinnen und Musiker' alt='Tonstudio Soundcheck in Bachenb\u00fclach ist Ihr Musikstudio f\u00fcr professionelle S\u00e4ngerinnen, S\u00e4nger und Bands, sowie f\u00fcr Hobby Musikerinnen und Musiker, welche gerne Ihre eigene CD aufnehmen m\u00f6chten. Schenken Sie ihren Liebsten Freude mit Ihrer eigenen CD. Wir sind ihr top Tonstudio f\u00fcr die Region Z\u00fcrich, Aargau und Schaffhausen.'  itemprop=\"thumbnailUrl\"   \/><\/div><\/li><li  class=' slide-6 ' ><div data-rel='slideshow-1' class='avia-slide-wrap '   ><img src='https:\/\/www.soundcheck.ch\/wp-content\/uploads\/2015\/01\/IMG_17921-1440x430.jpg' width='1440' height='430' title='iTonstudio Soundcheck in Bachenb\u00fclach ist Ihr Musikstudio f\u00fcr professionelle S\u00e4ngerinnen, S\u00e4nger und Bands, sowie f\u00fcr Hobby Musikerinnen und Musiker, welche gerne Ihre eigene CD aufnehmen m\u00f6chten. Schenken Sie ihren Liebsten Freude mit Ihrer eigenen CD. Wir sind ihr top Tonstudio f\u00fcr die Region Z\u00fcrich, Aargau und Schaffhausen.' alt='Tonstudio Soundcheck in Bachenb\u00fclach ist Ihr Musikstudio f\u00fcr professionelle S\u00e4ngerinnen, S\u00e4nger und Bands, sowie f\u00fcr Hobby Musikerinnen und Musiker, welche gerne Ihre eigene CD aufnehmen m\u00f6chten. Schenken Sie ihren Liebsten Freude mit Ihrer eigenen CD. Wir sind ihr top Tonstudio f\u00fcr die Region Z\u00fcrich, Aargau und Schaffhausen.'  itemprop=\"thumbnailUrl\"   \/><\/div><\/li><\/ul><div class='avia-slideshow-arrows avia-slideshow-controls'><a href='#prev' class='prev-slide' aria-hidden='true' data-av_icon='\ue87c' data-av_iconfont='entypo-fontello'>Zur\u00fcck<\/a><a href='#next' class='next-slide' aria-hidden='true' data-av_icon='\ue87d' data-av_iconfont='entypo-fontello'>Weiter<\/a><\/div><div class='avia-slideshow-dots avia-slideshow-controls'><a href='#1' class='goto-slide active' >1<\/a><a href='#2' class='goto-slide ' >2<\/a><a href='#3' class='goto-slide ' >3<\/a><a href='#4' class='goto-slide ' >4<\/a><a href='#5' class='goto-slide ' >5<\/a><a href='#6' class='goto-slide ' >6<\/a><\/div><\/div><\/div>\n<div id='av_section_1'  class='avia-section main_color avia-section-default avia-no-border-styling avia-bg-style-scroll  avia-builder-el-1  el_after_av_slideshow_full  avia-builder-el-last   av-arrow-down-section container_wrap fullsize' style=' '  ><div class='container' ><div class='template-page content  av-content-full alpha units'><div class='post-entry post-entry-type-page post-entry-2'><div class='entry-content-wrapper clearfix'>\n<div class=\"flex_column av_one_full  flex_column_div first  avia-builder-el-2  avia-builder-el-no-sibling  \" ><section class=\"av_textblock_section \"  itemscope=\"itemscope\" itemtype=\"https:\/\/schema.org\/CreativeWork\" ><div class='avia_textblock  '   itemprop=\"text\" ><h1 style=\"text-align: center;\">Musik &#8211; und Tonstudio in der Region Z\u00fcrich Flughafen<\/h1>\n<h2 style=\"text-align: center;\">Quality \u2013 Experience \u2013 Good Vibes<strong><br \/>\n<\/strong><\/h2>\n<\/div><\/section><\/div>\n\n","protected":false},"excerpt":{"rendered":"","protected":false},"author":2,"featured_media":667,"parent":0,"menu_order":0,"comment_status":"open","ping_status":"closed","template":"","meta":{"two_page_speed":[]},"_links":{"self":[{"href":"https:\/\/www.soundcheck.ch\/index.php\/wp-json\/wp\/v2\/pages\/2"}],"collection":[{"href":"https:\/\/www.soundcheck.ch\/index.php\/wp-json\/wp\/v2\/pages"}],"about":[{"href":"https:\/\/www.soundcheck.ch\/index.php\/wp-json\/wp\/v2\/types\/page"}],"author":[{"embeddable":true,"href":"https:\/\/www.soundcheck.ch\/index.php\/wp-json\/wp\/v2\/users\/2"}],"replies":[{"embeddable":true,"href":"https:\/\/www.soundcheck.ch\/index.php\/wp-json\/wp\/v2\/comments?post=2"}],"version-history":[{"count":8,"href":"https:\/\/www.soundcheck.ch\/index.php\/wp-json\/wp\/v2\/pages\/2\/revisions"}],"predecessor-version":[{"id":1378,"href":"https:\/\/www.soundcheck.ch\/index.php\/wp-json\/wp\/v2\/pages\/2\/revisions\/1378"}],"wp:featuredmedia":[{"embeddable":true,"href":"https:\/\/www.soundcheck.ch\/index.php\/wp-json\/wp\/v2\/media\/667"}],"wp:attachment":[{"href":"https:\/\/www.soundcheck.ch\/index.php\/wp-json\/wp\/v2\/media?parent=2"}],"curies":[{"name":"wp","href":"https:\/\/api.w.org\/{rel}","templated":true}]}}