{"id":126,"date":"2019-12-04T16:43:38","date_gmt":"2019-12-04T14:43:38","guid":{"rendered":"http:\/\/soundcheck.salai.com\/?page_id=126"},"modified":"2025-12-02T14:14:18","modified_gmt":"2025-12-02T12:14:18","slug":"kontakt-tonstudio-schweiz","status":"publish","type":"page","link":"https:\/\/www.soundcheck.ch\/index.php\/kontakt-tonstudio-schweiz\/","title":{"rendered":"Kontakt"},"content":{"rendered":"<div class=\"flex_column av_one_full  flex_column_div av-zero-column-padding first  avia-builder-el-0  el_before_av_three_fifth  avia-builder-el-first  \" style='border-radius:0px; '><p><div  style='padding-bottom:10px; color:#b02b2c;' class='av-special-heading av-special-heading-h1 custom-color-heading   avia-builder-el-1  el_before_av_hr  avia-builder-el-first  '><h1 class='av-special-heading-tag '  itemprop=\"headline\"  >Da wir zur Zeit Probleme mit dem Mailserver haben, bitte Anfragen nur via Tel. oder SMS. Danke!  Anfragen und Terminvereinbarungen herzlich willkommen!<\/h1><div class='special-heading-border'><div class='special-heading-inner-border' style='border-color:#b02b2c'><\/div><\/div><\/div><br \/>\n<div  style='height:20px' class='hr hr-invisible   avia-builder-el-2  el_after_av_heading  avia-builder-el-last '><span class='hr-inner ' ><span class='hr-inner-style'><\/span><\/span><\/div><\/p><\/div><div class=\"flex_column av_three_fifth  flex_column_div first  avia-builder-el-3  el_after_av_one_full  el_before_av_two_fifth  column-top-margin\" ><p><section class=\"av_textblock_section \"  itemscope=\"itemscope\" itemtype=\"https:\/\/schema.org\/CreativeWork\" ><div class='avia_textblock  '   itemprop=\"text\" ><p>Z\u00fcrichstrasse 49<br \/>\n8184 Bachenb\u00fclach<br \/>\nT +41 44 860 12 06<br \/>\nM +41 79 660 58 41<br \/>\n<span  class=\"av_font_icon avia_animate_when_visible avia-icon-animate  av-icon-style-  av-no-color avia-icon-pos-left \" style=\"\"><a href='mailto:info@soundcheck.ch'   class='av-icon-char' style='font-size:30px;line-height:30px;' aria-hidden='true' data-av_icon='\ue805' data-av_iconfont='entypo-fontello' ><\/a><\/span><br \/>\n<div  style='height:30px' class='hr hr-invisible   avia-builder-el-6  el_after_av_font_icon  avia-builder-el-last '><span class='hr-inner ' ><span class='hr-inner-style'><\/span><\/span><\/div><\/p>\n<ul>\n<li>5 Parkpl\u00e4tze<\/li>\n<li>Postauto 530 und 531 ab Bhf. B\u00fclach oder Z\u00fcrich-Kloten Airport, Haltestelle \u201eAlte Post\u201c direkt vor dem Haus.<\/li>\n<\/ul>\n<\/div><\/section><br \/>\n<form action=\"https:\/\/www.soundcheck.ch\/index.php\/kontakt-tonstudio-schweiz\/\" method=\"post\"  class=\"avia_ajax_form av-form-labels-visible   avia-builder-el-7  el_after_av_textblock  el_before_av_hr   \" data-avia-form-id=\"1\" data-avia-redirect='' ><h3 class=''>Schreibe uns eine E-Mail<\/h3><fieldset><p class=' first_form  form_element form_element_half' id='element_avia_1_1'><label for=\"avia_1_1\">Name <abbr class=\"required\" title=\"ben\u00f6tigt\">*<\/abbr><\/label> <input name=\"avia_1_1\" class=\"text_input is_empty\" type=\"text\" id=\"avia_1_1\" value=\"\" \/><\/p><p class=' form_element form_element_half' id='element_avia_2_1'><label for=\"avia_2_1\">E-Mail <abbr class=\"required\" title=\"ben\u00f6tigt\">*<\/abbr><\/label> <input name=\"avia_2_1\" class=\"text_input is_email\" type=\"text\" id=\"avia_2_1\" value=\"\" \/><\/p><p class=' first_form  form_element form_element_half' id='element_avia_3_1'><label for=\"avia_3_1\">Telefon<\/label> <input name=\"avia_3_1\" class=\"text_input \" type=\"text\" id=\"avia_3_1\" value=\"\" \/><\/p><p class=' first_form  form_element form_fullwidth' id='element_avia_4_1'><label for=\"avia_4_1\">Betreff <abbr class=\"required\" title=\"ben\u00f6tigt\">*<\/abbr><\/label> <input name=\"avia_4_1\" class=\"text_input is_empty\" type=\"text\" id=\"avia_4_1\" value=\"\" \/><\/p><p class=' first_form  form_element form_fullwidth' id='element_avia_5_1'>\t <label for=\"avia_5_1\" class=\"textare_label hidden textare_label_avia_5_1\">Nachricht <abbr class=\"required\" title=\"ben\u00f6tigt\">*<\/abbr><\/label>\t <textarea  name=\"avia_5_1\" class=\"text_area is_empty\" cols=\"40\" rows=\"7\" id=\"avia_5_1\" ><\/textarea><\/p><p class=\"hidden\"><input type=\"text\" name=\"avia_6_1\" class=\"hidden \" id=\"avia_6_1\" value=\"\" \/><\/p><div id='avia_7_1' class='av-recaptcha-area  first_form  form_element form_fullwidth '  data-container_class=\"\" data-custom_class=\"\" data-context=\"av_contact_form\" data-token_input=\"av_recaptcha_token\" data-version=\"avia_recaptcha_v3\" data-theme=\"light\" data-size=\"normal\" data-score=\"0.5\" data-text_to_preview=\"\" data-value=\"\"><div class=\"av-google-badge-message hidden\">This site is protected by reCAPTCHA and the Google <a href=\"https:\/\/policies.google.com\/privacy\">Privacy Policy<\/a> and <a href=\"https:\/\/policies.google.com\/terms\">Terms of Service<\/a> apply.<\/div><\/div><p class=\"form_element \"><input type=\"hidden\" value=\"1\" name=\"avia_generated_form1\" \/><input type=\"submit\" value=\"Senden\" class=\"button\"  data-sending-label=\"Sende\"\/><\/p><\/fieldset><div class=\"avia-disabled-forn\">This contact form is deactivated because you refused to accept Google reCaptcha service which is necessary to validate any messages sent by the form.<\/div><\/form><div id=\"ajaxresponse_1\" class=\"ajaxresponse ajaxresponse_1 hidden\"><\/div><br \/>\n<div  style='height:50px' class='hr hr-invisible   avia-builder-el-8  el_after_av_contact  avia-builder-el-last '><span class='hr-inner ' ><span class='hr-inner-style'><\/span><\/span><\/div><\/p><\/div><\/p>\n<div class=\"flex_column av_two_fifth  flex_column_div av-zero-column-padding   avia-builder-el-9  el_after_av_three_fifth  el_before_av_three_fifth  column-top-margin\" style='border-radius:0px; '><p><div  class='avia-image-container  av-styling-    avia-builder-el-10  el_before_av_hr  avia-builder-el-first  avia-align-center '  itemprop=\"image\" itemscope=\"itemscope\" itemtype=\"https:\/\/schema.org\/ImageObject\"  ><div class='avia-image-container-inner'><div class='avia-image-overlay-wrap'><img class='avia_image' src='https:\/\/www.soundcheck.ch\/wp-content\/uploads\/2020\/10\/IMG_1247-294x300.jpg' alt='' title='IMG_1247' height=\"300\" width=\"294\"  itemprop=\"thumbnailUrl\"  \/><\/div><\/div><\/div><br \/>\n<div  style='height:50px' class='hr hr-invisible   avia-builder-el-11  el_after_av_image  el_before_av_textblock '><span class='hr-inner ' ><span class='hr-inner-style'><\/span><\/span><\/div><br \/>\n<section class=\"av_textblock_section \"  itemscope=\"itemscope\" itemtype=\"https:\/\/schema.org\/CreativeWork\" ><div class='avia_textblock  '   itemprop=\"text\" ><p><iframe src=\"https:\/\/www.google.com\/maps\/embed?pb=!1m18!1m12!1m3!1d2695.229427260936!2d8.543608316260414!3d47.50492300298853!2m3!1f0!2f0!3f0!3m2!1i1024!2i768!4f13.1!3m3!1m2!1s0x479075c7fc43daaf%3A0xabd292850c583a40!2sZ%C3%BCrichstrasse%2049%2C%208184%20Bachenb%C3%BClach!5e0!3m2!1sde!2sch!4v1573822975783!5m2!1sde!2sch\" width=\"100%\" height=\"450\" frameborder=\"0\" style=\"border:0;\" allowfullscreen=\"\"><\/iframe><\/p>\n<\/div><\/section><br \/>\n<div  style='height:50px' class='hr hr-invisible   avia-builder-el-13  el_after_av_textblock  avia-builder-el-last '><span class='hr-inner ' ><span class='hr-inner-style'><\/span><\/span><\/div><\/p><\/div>\n<div class=\"flex_column av_three_fifth  flex_column_div first  avia-builder-el-14  el_after_av_two_fifth  avia-builder-el-last  \" ><section class=\"av_textblock_section \"  itemscope=\"itemscope\" itemtype=\"https:\/\/schema.org\/CreativeWork\" ><div class='avia_textblock  '   itemprop=\"text\" ><p class=\"p1\">\n<h2><span class=\"s1\">AGB\u00a0<\/span><\/h2>\n<h2><span class=\"s1\">Soundcheck Studio\/Jeannot Steck<\/span><\/h2>\n<p class=\"p1\">\n<h3><span class=\"s1\">Buchung<\/span><\/h3>\n<p class=\"p3\"><span class=\"s2\">Termine k\u00f6nnen per E-Mail, Nachricht oder m\u00fcndlich vereinbart werden.<\/span><\/p>\n<p class=\"p3\"><span class=\"s2\">Mit der Terminbest\u00e4tigung (auch m\u00fcndlich) ist die Buchung verbindlich.<\/span><\/p>\n<p class=\"p1\">\n<h3><span class=\"s1\">Zahlung<\/span><\/h3>\n<p class=\"p3\"><span class=\"s2\">Es gelten die aktuellen Preise.<\/span><\/p>\n<p class=\"p3\"><span class=\"s2\">Zahlung erfolgt nach der Session, sofern nicht anders vereinbart.<\/span><\/p>\n<p class=\"p3\"><span class=\"s2\">Bei gr\u00f6sseren Projekten kann eine Akonto-Zahlung verlangt werden.<\/span><\/p>\n<p class=\"p1\">\n<h3><span class=\"s1\">Stornierungskosten<\/span><\/h3>\n<table>\n<thead>\n<tr>\n<th>\n<p class=\"p1\"><span class=\"s1\">Zeitraum vor Termin<\/span><\/p>\n<\/th>\n<th>\n<p class=\"p1\"><span class=\"s1\">Kosten<\/span><\/p>\n<\/th>\n<\/tr>\n<\/thead>\n<tbody>\n<tr>\n<td>\n<p class=\"p1\"><span class=\"s1\">bis 30 Tage<\/span><\/p>\n<\/td>\n<td>\n<p class=\"p1\"><span class=\"s1\">25 %<\/span><\/p>\n<\/td>\n<\/tr>\n<tr>\n<td>\n<p class=\"p1\"><span class=\"s1\">bis 14 Tage<\/span><\/p>\n<\/td>\n<td>\n<p class=\"p1\"><span class=\"s1\">50 %<\/span><\/p>\n<\/td>\n<\/tr>\n<tr>\n<td>\n<p class=\"p1\"><span class=\"s1\">ab 7 Tagen<\/span><\/p>\n<\/td>\n<td>\n<p class=\"p1\"><span class=\"s1\">100 %<\/span><\/p>\n<\/td>\n<\/tr>\n<\/tbody>\n<\/table>\n<p class=\"p1\"><span class=\"s1\">Nicht erscheinen = 100 %.<\/span><\/p>\n<p class=\"p3\">\n<h3><span class=\"s1\">Terminverschiebung<\/span><\/h3>\n<p class=\"p1\"><span class=\"s1\">Eine Terminverschiebung gilt wie eine Stornierung, wenn sie <\/span><span class=\"s3\">weniger als 30 Tage vor Termin<\/span><span class=\"s1\"> erfolgt.<\/span><\/p>\n<p class=\"p1\"><span class=\"s1\">Kostenregelung identisch wie oben.<\/span><\/p>\n<p class=\"p1\"><span class=\"s1\">Eine kostenlose Verschiebung ist nur m\u00f6glich, wenn sie <\/span><span class=\"s3\">mindestens 30 Tage vorher<\/span><span class=\"s1\"> erfolgt und <\/span><span class=\"s3\">direkt ein neuer Termin vereinbart wird<\/span><span class=\"s1\">.<\/span><\/p>\n<p class=\"p3\">\n<h3><span class=\"s1\">Ausfall durch Studio (Krankheit \/ technische Defekte)<\/span><\/h3>\n<p class=\"p1\"><span class=\"s1\">Kann der Termin aus Gr\u00fcnden, die das Studio nicht zu vertreten hat<\/span><\/p>\n<p class=\"p1\"><span class=\"s1\">(z. B. Krankheit, technische Defekte, h\u00f6here Gewalt) nicht durchgef\u00fchrt werden, wird ein Ersatztermin angesetzt.<\/span><\/p>\n<p class=\"p1\"><span class=\"s1\">Bereits geleistete Zahlungen werden gutgeschrieben.<\/span><\/p>\n<p class=\"p1\"><span class=\"s1\">Es besteht <\/span><span class=\"s3\">kein Anspruch auf Schadensersatz oder Kostenersatz<\/span><\/p>\n<p class=\"p1\"><span class=\"s1\">(z. B. Reisekosten, externe Dienstleister, entgangene Einnahmen).<\/span><\/p>\n<p class=\"p3\">\n<h3><span class=\"s1\">Daten &#038; Projektmaterial<\/span><\/h3>\n<p class=\"p1\"><span class=\"s1\">Kunden sind verantwortlich f\u00fcr angeliefertes Material (Files, Datentr\u00e4ger, Sessions etc.).<\/span><\/p>\n<p class=\"p1\"><span class=\"s1\">Fehlerhafte\/inkompatible Daten verursachen Mehraufwand, der berechnet wird.<\/span><\/p>\n<p class=\"p1\"><span class=\"s1\">Session-Files, Rohspuren und Multitracks werden nur nach separater Vereinbarung herausgegeben.<\/span><\/p>\n<p class=\"p3\">\n<h3><span class=\"s1\">Nutzungsrechte<\/span><\/h3>\n<p class=\"p1\"><span class=\"s1\">Nutzungsrechte an finalen Files werden <\/span><span class=\"s3\">erst nach vollst\u00e4ndiger Zahlung<\/span><span class=\"s1\"> \u00fcbertragen.<\/span><\/p>\n<p class=\"p3\">\n<h3><span class=\"s1\">Haftung<\/span><\/h3>\n<p class=\"p1\"><span class=\"s1\">Keine Haftung f\u00fcr Datenverlust, technische Ausf\u00e4lle oder Folgesch\u00e4den.<\/span><\/p>\n<p class=\"p1\"><span class=\"s1\">Haftung nur bei grober Fahrl\u00e4ssigkeit.<\/span><\/p>\n<p class=\"p3\">\n<h3><span class=\"s1\">Datenschutz<\/span><\/h3>\n<p class=\"p1\"><span class=\"s1\">Projekt- und Kundendaten werden vertraulich behandelt und nicht an Dritte weitergegeben.<\/span><\/p>\n<p class=\"p3\">\n<h3><span class=\"s1\">Rechtsgrundlage, salvatorische Klausel<\/span><\/h3>\n<p class=\"p1\"><span class=\"s1\">Es gilt schweizerisches Recht, insbesondere das Obligationenrecht (OR).<\/span><\/p>\n<p class=\"p1\"><span class=\"s1\">Sollten einzelne Bestimmungen dieser AGB unwirksam oder nicht durchsetzbar sein, bleiben die \u00fcbrigen Bestimmungen davon unber\u00fchrt. Die unwirksame Bestimmung wird durch eine wirtschaftlich m\u00f6glichst \u00e4hnliche, gesetzlich zul\u00e4ssige Regelung ersetzt.<\/span><\/p>\n<p class=\"p1\"><span class=\"s1\">Gerichtsstand und Erf\u00fcllungsort ist Bachenb\u00fclach.<\/span><\/p>\n<p>Bachenb\u00fclach, Januar 2023<\/p>\n<\/div><\/section><br \/>\n<div  style='height:50px' class='hr hr-invisible   avia-builder-el-16  el_after_av_textblock  avia-builder-el-last '><span class='hr-inner ' ><span class='hr-inner-style'><\/span><\/span><\/div><\/p><\/div>\n","protected":false},"excerpt":{"rendered":"","protected":false},"author":2,"featured_media":0,"parent":0,"menu_order":5,"comment_status":"open","ping_status":"closed","template":"","meta":{"two_page_speed":[]},"_links":{"self":[{"href":"https:\/\/www.soundcheck.ch\/index.php\/wp-json\/wp\/v2\/pages\/126"}],"collection":[{"href":"https:\/\/www.soundcheck.ch\/index.php\/wp-json\/wp\/v2\/pages"}],"about":[{"href":"https:\/\/www.soundcheck.ch\/index.php\/wp-json\/wp\/v2\/types\/page"}],"author":[{"embeddable":true,"href":"https:\/\/www.soundcheck.ch\/index.php\/wp-json\/wp\/v2\/users\/2"}],"replies":[{"embeddable":true,"href":"https:\/\/www.soundcheck.ch\/index.php\/wp-json\/wp\/v2\/comments?post=126"}],"version-history":[{"count":10,"href":"https:\/\/www.soundcheck.ch\/index.php\/wp-json\/wp\/v2\/pages\/126\/revisions"}],"predecessor-version":[{"id":1372,"href":"https:\/\/www.soundcheck.ch\/index.php\/wp-json\/wp\/v2\/pages\/126\/revisions\/1372"}],"wp:attachment":[{"href":"https:\/\/www.soundcheck.ch\/index.php\/wp-json\/wp\/v2\/media?parent=126"}],"curies":[{"name":"wp","href":"https:\/\/api.w.org\/{rel}","templated":true}]}}